{"id":8821,"date":"2024-07-16T17:31:25","date_gmt":"2024-07-16T17:31:25","guid":{"rendered":"https:\/\/city-clope.com\/?post_type=product&#038;p=8821"},"modified":"2025-01-09T00:00:03","modified_gmt":"2025-01-09T00:00:03","slug":"resistance-pnp-vm-6","status":"publish","type":"product","link":"https:\/\/city-clope.com\/index.php\/product\/resistance-pnp-vm-6\/","title":{"rendered":"R\u00e9sistance PNP VM 6"},"content":{"rendered":"<p><strong>Vendu \u00e0 l\u2019unit\u00e9<\/strong><\/p>\n<p>La r\u00e9sistance PnP de Voopoo est une r\u00e9sistance de remplacement compatible avec de nombreux kits e-cigarette Voopoo des gammes Drag, Vinci, Navi et Argus.\u00a0Vous trouverez ici la r\u00e9sistance qui vous permettra de passer \u00e0 votre convenance de petites bouff\u00e9es tr\u00e8s concentr\u00e9es en saveurs \u00e0 des nuages plus g\u00e9n\u00e9reux et a\u00e9r\u00e9s mais toujours d\u00e9licieux.<\/p>\n<p><strong>Les caract\u00e9ristiques de R\u00e9sistance Voopoo PnP :<\/strong><\/p>\n<ul>\n<li aria-level=\"1\">Compatibilit\u00e9 atomiseur : XRP RTA \u2013 Mechlyfe<\/li>\n<li aria-level=\"1\">Marque Compatible : ISUREVAPE, Voopoo, Mechlyfe<\/li>\n<li aria-level=\"1\">Contr\u00f4le de temp\u00e9rature : Non<\/li>\n<li aria-level=\"1\">Valeur de la r\u00e9sistance : 0,2ohm, 1,2ohm, 0,45ohm, 0,8ohm, 0,15ohm, 0,3ohm, 0,6ohm<\/li>\n<li aria-level=\"1\">Inhalation : directe et indirecte<\/li>\n<\/ul>\n","protected":false},"excerpt":{"rendered":"<p>Vendu \u00e0 l\u2019unit\u00e9 La r\u00e9sistance PnP de Voopoo est une r\u00e9sistance de remplacement compatible avec de nombreux kits e-cigarette Voopoo des gammes Drag, Vinci, Navi et Argus.\u00a0Vous trouverez ici la r\u00e9sistance qui vous permettra de passer \u00e0 votre convenance de petites bouff\u00e9es tr\u00e8s concentr\u00e9es en saveurs \u00e0 des nuages plus g\u00e9n\u00e9reux et a\u00e9r\u00e9s mais toujours &hellip; <a href=\"https:\/\/city-clope.com\/index.php\/product\/resistance-pnp-vm-6\/\" class=\"more-link\">Continue reading <span class=\"screen-reader-text\">R\u00e9sistance PNP VM 6<\/span><\/a><\/p>\n","protected":false},"featured_media":8822,"comment_status":"open","ping_status":"closed","template":"","meta":[],"product_brand":[],"product_cat":[155],"product_tag":[],"class_list":{"0":"post-8821","1":"product","2":"type-product","3":"status-publish","4":"has-post-thumbnail","6":"product_cat-accessories","9":"instock","10":"sale","11":"shipping-taxable","12":"purchasable","13":"product-type-simple","14":"add-to-wishlist-after_add_to_cart"},"jetpack_sharing_enabled":true,"_links":{"self":[{"href":"https:\/\/city-clope.com\/index.php\/wp-json\/wp\/v2\/product\/8821","targetHints":{"allow":["GET"]}}],"collection":[{"href":"https:\/\/city-clope.com\/index.php\/wp-json\/wp\/v2\/product"}],"about":[{"href":"https:\/\/city-clope.com\/index.php\/wp-json\/wp\/v2\/types\/product"}],"replies":[{"embeddable":true,"href":"https:\/\/city-clope.com\/index.php\/wp-json\/wp\/v2\/comments?post=8821"}],"version-history":[{"count":1,"href":"https:\/\/city-clope.com\/index.php\/wp-json\/wp\/v2\/product\/8821\/revisions"}],"predecessor-version":[{"id":8823,"href":"https:\/\/city-clope.com\/index.php\/wp-json\/wp\/v2\/product\/8821\/revisions\/8823"}],"wp:featuredmedia":[{"embeddable":true,"href":"https:\/\/city-clope.com\/index.php\/wp-json\/wp\/v2\/media\/8822"}],"wp:attachment":[{"href":"https:\/\/city-clope.com\/index.php\/wp-json\/wp\/v2\/media?parent=8821"}],"wp:term":[{"taxonomy":"product_brand","embeddable":true,"href":"https:\/\/city-clope.com\/index.php\/wp-json\/wp\/v2\/product_brand?post=8821"},{"taxonomy":"product_cat","embeddable":true,"href":"https:\/\/city-clope.com\/index.php\/wp-json\/wp\/v2\/product_cat?post=8821"},{"taxonomy":"product_tag","embeddable":true,"href":"https:\/\/city-clope.com\/index.php\/wp-json\/wp\/v2\/product_tag?post=8821"}],"curies":[{"name":"wp","href":"https:\/\/api.w.org\/{rel}","templated":true}]}}